{"id":7373,"date":"2025-04-27T01:43:37","date_gmt":"2025-04-26T22:43:37","guid":{"rendered":"https:\/\/www.celikcatimontaji.com\/galeri\/"},"modified":"2025-04-27T01:43:37","modified_gmt":"2025-04-26T22:43:37","slug":"galeri","status":"publish","type":"page","link":"https:\/\/www.celikcatimontaji.com\/de\/galeri\/","title":{"rendered":"Galeri"},"content":{"rendered":"\t\t<div data-elementor-type=\"wp-page\" data-elementor-id=\"7373\" class=\"elementor elementor-7373 elementor-5593\">\n\t\t\t\t<div class=\"elementor-element elementor-element-0bd5994 e-grid e-con-full e-con e-parent\" data-id=\"0bd5994\" data-element_type=\"container\">\n\t\t\t\t<div class=\"elementor-element elementor-element-41377b4 elementor-widget elementor-widget-image\" data-id=\"41377b4\" data-element_type=\"widget\" data-widget_type=\"image.default\">\n\t\t\t\t<div class=\"elementor-widget-container\">\n\t\t\t\t\t\t\t\t\t\t\t\t<figure class=\"wp-caption\">\n\t\t\t\t\t\t\t\t\t\t\t<a href=\"https:\/\/www.celikcatimontaji.com\/ferforje-calismalarimizdan\/\">\n\t\t\t\t\t\t\t<img fetchpriority=\"high\" decoding=\"async\" width=\"564\" height=\"856\" src=\"https:\/\/www.celikcatimontaji.com\/wp-content\/uploads\/2025\/04\/Ferforje-1.jpg\" class=\"attachment-large size-large wp-image-7013\" alt=\"\" srcset=\"https:\/\/www.celikcatimontaji.com\/wp-content\/uploads\/2025\/04\/Ferforje-1.jpg 564w, https:\/\/www.celikcatimontaji.com\/wp-content\/uploads\/2025\/04\/Ferforje-1-198x300.jpg 198w\" sizes=\"(max-width: 564px) 100vw, 564px\" title=\"\">\t\t\t\t\t\t\t\t<\/a>\n\t\t\t\t\t\t\t\t\t\t\t<figcaption class=\"widget-image-caption wp-caption-text\">Ferforje \u00c7e\u015fitleri<\/figcaption>\n\t\t\t\t\t\t\t\t\t\t<\/figure>\n\t\t\t\t\t\t\t\t\t<\/div>\n\t\t\t\t<\/div>\n\t\t\t\t<div class=\"elementor-element elementor-element-b988972 elementor-widget elementor-widget-image\" data-id=\"b988972\" data-element_type=\"widget\" data-widget_type=\"image.default\">\n\t\t\t\t<div class=\"elementor-widget-container\">\n\t\t\t\t\t\t\t\t\t\t\t\t<figure class=\"wp-caption\">\n\t\t\t\t\t\t\t\t\t\t\t<a href=\"https:\/\/www.celikcatimontaji.com\/yangin-merdivenleri\/\">\n\t\t\t\t\t\t\t<img decoding=\"async\" width=\"474\" height=\"711\" src=\"https:\/\/www.celikcatimontaji.com\/wp-content\/uploads\/2025\/04\/Yangin-Merdivenleri-4.jpg\" class=\"attachment-1536x1536 size-1536x1536 wp-image-7106\" alt=\"\" srcset=\"https:\/\/www.celikcatimontaji.com\/wp-content\/uploads\/2025\/04\/Yangin-Merdivenleri-4.jpg 474w, https:\/\/www.celikcatimontaji.com\/wp-content\/uploads\/2025\/04\/Yangin-Merdivenleri-4-200x300.jpg 200w\" sizes=\"(max-width: 474px) 100vw, 474px\" title=\"\">\t\t\t\t\t\t\t\t<\/a>\n\t\t\t\t\t\t\t\t\t\t\t<figcaption class=\"widget-image-caption wp-caption-text\">Yang\u0131n Merdivenlerileri<\/figcaption>\n\t\t\t\t\t\t\t\t\t\t<\/figure>\n\t\t\t\t\t\t\t\t\t<\/div>\n\t\t\t\t<\/div>\n\t\t\t\t<div class=\"elementor-element elementor-element-50cb599 elementor-widget elementor-widget-image\" data-id=\"50cb599\" data-element_type=\"widget\" data-widget_type=\"image.default\">\n\t\t\t\t<div class=\"elementor-widget-container\">\n\t\t\t\t\t\t\t\t\t\t\t\t<figure class=\"wp-caption\">\n\t\t\t\t\t\t\t\t\t\t<img decoding=\"async\" width=\"490\" height=\"550\" src=\"https:\/\/www.celikcatimontaji.com\/wp-content\/uploads\/2024\/03\/portfolio-9.webp\" class=\"attachment-medium_large size-medium_large wp-image-6791\" alt=\"\" srcset=\"https:\/\/www.celikcatimontaji.com\/wp-content\/uploads\/2024\/03\/portfolio-9.webp 490w, https:\/\/www.celikcatimontaji.com\/wp-content\/uploads\/2024\/03\/portfolio-9-267x300.webp 267w\" sizes=\"(max-width: 490px) 100vw, 490px\" title=\"\">\t\t\t\t\t\t\t\t\t\t\t<figcaption class=\"widget-image-caption wp-caption-text\">Sandvic Paneller<\/figcaption>\n\t\t\t\t\t\t\t\t\t\t<\/figure>\n\t\t\t\t\t\t\t\t\t<\/div>\n\t\t\t\t<\/div>\n\t\t\t\t<div class=\"elementor-element elementor-element-9fe8812 elementor-widget elementor-widget-image\" data-id=\"9fe8812\" data-element_type=\"widget\" data-widget_type=\"image.default\">\n\t\t\t\t<div class=\"elementor-widget-container\">\n\t\t\t\t\t\t\t\t\t\t\t\t<figure class=\"wp-caption\">\n\t\t\t\t\t\t\t\t\t\t\t<a href=\"https:\/\/www.celikcatimontaji.com\/celik-cati\/\">\n\t\t\t\t\t\t\t<img loading=\"lazy\" decoding=\"async\" width=\"665\" height=\"649\" src=\"https:\/\/www.celikcatimontaji.com\/wp-content\/uploads\/2025\/04\/Celik-Cati-Catalca.webp\" class=\"attachment-large size-large wp-image-6902\" alt=\"\" srcset=\"https:\/\/www.celikcatimontaji.com\/wp-content\/uploads\/2025\/04\/Celik-Cati-Catalca.webp 665w, https:\/\/www.celikcatimontaji.com\/wp-content\/uploads\/2025\/04\/Celik-Cati-Catalca-300x293.webp 300w, https:\/\/www.celikcatimontaji.com\/wp-content\/uploads\/2025\/04\/Celik-Cati-Catalca-600x586.webp 600w\" sizes=\"(max-width: 665px) 100vw, 665px\" title=\"\">\t\t\t\t\t\t\t\t<\/a>\n\t\t\t\t\t\t\t\t\t\t\t<figcaption class=\"widget-image-caption wp-caption-text\">\u00c7elik \u00c7at\u0131lar<\/figcaption>\n\t\t\t\t\t\t\t\t\t\t<\/figure>\n\t\t\t\t\t\t\t\t\t<\/div>\n\t\t\t\t<\/div>\n\t\t\t\t<div class=\"elementor-element elementor-element-883ac89 elementor-widget elementor-widget-image\" data-id=\"883ac89\" data-element_type=\"widget\" data-widget_type=\"image.default\">\n\t\t\t\t<div class=\"elementor-widget-container\">\n\t\t\t\t\t\t\t\t\t\t\t\t<figure class=\"wp-caption\">\n\t\t\t\t\t\t\t\t\t\t<img loading=\"lazy\" decoding=\"async\" width=\"291\" height=\"445\" src=\"https:\/\/www.celikcatimontaji.com\/wp-content\/uploads\/2025\/04\/Tonoz-Cati-2.jpg\" class=\"attachment-large size-large wp-image-6980\" alt=\"\" srcset=\"https:\/\/www.celikcatimontaji.com\/wp-content\/uploads\/2025\/04\/Tonoz-Cati-2.jpg 291w, https:\/\/www.celikcatimontaji.com\/wp-content\/uploads\/2025\/04\/Tonoz-Cati-2-196x300.jpg 196w\" sizes=\"(max-width: 291px) 100vw, 291px\" title=\"\">\t\t\t\t\t\t\t\t\t\t\t<figcaption class=\"widget-image-caption wp-caption-text\">Tonoz \u00c7at\u0131<\/figcaption>\n\t\t\t\t\t\t\t\t\t\t<\/figure>\n\t\t\t\t\t\t\t\t\t<\/div>\n\t\t\t\t<\/div>\n\t\t\t\t<div class=\"elementor-element elementor-element-ff339d6 elementor-widget__width-inherit elementor-widget elementor-widget-image\" data-id=\"ff339d6\" data-element_type=\"widget\" data-widget_type=\"image.default\">\n\t\t\t\t<div class=\"elementor-widget-container\">\n\t\t\t\t\t\t\t\t\t\t\t\t<figure class=\"wp-caption\">\n\t\t\t\t\t\t\t\t\t\t\t<a href=\"https:\/\/www.celikcatimontaji.com\/celik-evler\/\">\n\t\t\t\t\t\t\t<img loading=\"lazy\" decoding=\"async\" width=\"683\" height=\"1024\" src=\"https:\/\/www.celikcatimontaji.com\/wp-content\/uploads\/2024\/03\/Celik-Yapi-4-683x1024.jpg\" class=\"attachment-large size-large wp-image-6932\" alt=\"\" srcset=\"https:\/\/www.celikcatimontaji.com\/wp-content\/uploads\/2024\/03\/Celik-Yapi-4-683x1024.jpg 683w, https:\/\/www.celikcatimontaji.com\/wp-content\/uploads\/2024\/03\/Celik-Yapi-4-200x300.jpg 200w, https:\/\/www.celikcatimontaji.com\/wp-content\/uploads\/2024\/03\/Celik-Yapi-4-600x900.jpg 600w, https:\/\/www.celikcatimontaji.com\/wp-content\/uploads\/2024\/03\/Celik-Yapi-4.jpg 736w\" sizes=\"(max-width: 683px) 100vw, 683px\" title=\"\">\t\t\t\t\t\t\t\t<\/a>\n\t\t\t\t\t\t\t\t\t\t\t<figcaption class=\"widget-image-caption wp-caption-text\">\u00c7elik Evler<\/figcaption>\n\t\t\t\t\t\t\t\t\t\t<\/figure>\n\t\t\t\t\t\t\t\t\t<\/div>\n\t\t\t\t<\/div>\n\t\t\t\t<div class=\"elementor-element elementor-element-97698a1 elementor-widget elementor-widget-image\" data-id=\"97698a1\" data-element_type=\"widget\" data-widget_type=\"image.default\">\n\t\t\t\t<div class=\"elementor-widget-container\">\n\t\t\t\t\t\t\t\t\t\t\t\t<figure class=\"wp-caption\">\n\t\t\t\t\t\t\t\t\t\t<img loading=\"lazy\" decoding=\"async\" width=\"490\" height=\"550\" src=\"https:\/\/www.celikcatimontaji.com\/wp-content\/uploads\/2024\/03\/portfolio-9.webp\" class=\"attachment-large size-large wp-image-6791\" alt=\"\" srcset=\"https:\/\/www.celikcatimontaji.com\/wp-content\/uploads\/2024\/03\/portfolio-9.webp 490w, https:\/\/www.celikcatimontaji.com\/wp-content\/uploads\/2024\/03\/portfolio-9-267x300.webp 267w\" sizes=\"(max-width: 490px) 100vw, 490px\" title=\"\">\t\t\t\t\t\t\t\t\t\t\t<figcaption class=\"widget-image-caption wp-caption-text\">Sandvi\u00e7 Panel \u00c7atalca<\/figcaption>\n\t\t\t\t\t\t\t\t\t\t<\/figure>\n\t\t\t\t\t\t\t\t\t<\/div>\n\t\t\t\t<\/div>\n\t\t\t\t<\/div>\n\t\t\t\t<\/div>\n\t\t","protected":false},"excerpt":{"rendered":"<p>Ferforje \u00c7e\u015fitleri Yang\u0131n Merdivenlerileri Sandvic Paneller \u00c7elik \u00c7at\u0131lar Tonoz \u00c7at\u0131 \u00c7elik Evler Sandvi\u00e7 Panel \u00c7atalca<\/p>\n","protected":false},"author":1,"featured_media":0,"parent":0,"menu_order":0,"comment_status":"closed","ping_status":"closed","template":"","meta":{"footnotes":""},"class_list":["post-7373","page","type-page","status-publish","hentry"],"_links":{"self":[{"href":"https:\/\/www.celikcatimontaji.com\/de\/wp-json\/wp\/v2\/pages\/7373","targetHints":{"allow":["GET"]}}],"collection":[{"href":"https:\/\/www.celikcatimontaji.com\/de\/wp-json\/wp\/v2\/pages"}],"about":[{"href":"https:\/\/www.celikcatimontaji.com\/de\/wp-json\/wp\/v2\/types\/page"}],"author":[{"embeddable":true,"href":"https:\/\/www.celikcatimontaji.com\/de\/wp-json\/wp\/v2\/users\/1"}],"replies":[{"embeddable":true,"href":"https:\/\/www.celikcatimontaji.com\/de\/wp-json\/wp\/v2\/comments?post=7373"}],"version-history":[{"count":0,"href":"https:\/\/www.celikcatimontaji.com\/de\/wp-json\/wp\/v2\/pages\/7373\/revisions"}],"wp:attachment":[{"href":"https:\/\/www.celikcatimontaji.com\/de\/wp-json\/wp\/v2\/media?parent=7373"}],"curies":[{"name":"wp","href":"https:\/\/api.w.org\/{rel}","templated":true}]}}