{"id":7369,"date":"2025-04-27T15:17:39","date_gmt":"2025-04-27T12:17:39","guid":{"rendered":"https:\/\/www.celikcatimontaji.com\/ferforje-calismalarimizdan\/"},"modified":"2025-04-27T15:17:39","modified_gmt":"2025-04-27T12:17:39","slug":"ferforje-calismalarimizdan","status":"publish","type":"page","link":"https:\/\/www.celikcatimontaji.com\/en-gb\/ferforje-calismalarimizdan\/","title":{"rendered":"Ferforje \u00c7al\u0131\u015fmalar\u0131m\u0131zdan"},"content":{"rendered":"<style type=\"text\/css\">\n#foogallery-gallery-5964.fg-masonry .fg-item { width: 250px; }\n#foogallery-gallery-5964.fg-masonry { --fg-gutter: 10px; }<\/style>\n\t\t\t<style type=\"text\/css\">\n#foogallery-gallery-5964_1.fg-masonry .fg-item { width: 250px; }\n#foogallery-gallery-5964_1.fg-masonry { --fg-gutter: 10px; }<\/style>\n\t\t\t<div class=\"foogallery foogallery-container foogallery-masonry foogallery-lightbox-foogallery fg-center fg-masonry fg-ready fg-dark fg-border-thin fg-shadow-small fg-loading-default fg-loaded-fade-in fg-captions-bottom fg-hover-fade fg-hover-plus fg-fixed\" id=\"foogallery-gallery-5964_1\" data-foogallery=\"{&quot;item&quot;:{&quot;showCaptionTitle&quot;:true,&quot;showCaptionDescription&quot;:true},&quot;lazy&quot;:true,&quot;template&quot;:{&quot;columnWidth&quot;:250,&quot;gutter&quot;:10}}\" data-foogallery-lightbox=\"{&quot;thumbs&quot;:&quot;bottom&quot;,&quot;thumbsCaptions&quot;:false,&quot;thumbsBestFit&quot;:false,&quot;thumbsSmall&quot;:false,&quot;thumbsCaptionsAlign&quot;:&quot;default&quot;,&quot;info&quot;:&quot;bottom&quot;,&quot;infoVisible&quot;:true,&quot;infoOverlay&quot;:true,&quot;infoAlign&quot;:&quot;default&quot;,&quot;transition&quot;:&quot;fade&quot;,&quot;autoProgress&quot;:2,&quot;autoProgressStart&quot;:true,&quot;hoverButtons&quot;:false,&quot;fitMedia&quot;:false,&quot;noScrollbars&quot;:true,&quot;preserveButtonSpace&quot;:true,&quot;buttons&quot;:{&quot;fullscreen&quot;:true,&quot;info&quot;:true,&quot;thumbs&quot;:false},&quot;video&quot;:{&quot;autoPlay&quot;:true}}\" style=\"--fg-title-line-clamp: 0; --fg-description-line-clamp: 0;\" >\n\t\t<div class=\"fg-item fg-type-image fg-idle\"><figure class=\"fg-item-inner\"><a href=\"https:\/\/www.celikcatimontaji.com\/wp-content\/uploads\/2025\/04\/Ferforje-28.jpg\" data-attachment-id=\"7091\" data-e-disable-page-transition=\"true\" data-type=\"image\" class=\"fg-thumb\"><span class=\"fg-image-wrap\"><img decoding=\"async\" width=\"250\" height=\"187\" class=\"skip-lazy fg-image\" data-src-fg=\"https:\/\/www.celikcatimontaji.com\/wp-content\/uploads\/cache\/2025\/04\/Ferforje-28\/3454136814.jpg\" src=\"data:image\/svg+xml,%3Csvg%20xmlns%3D%22http%3A%2F%2Fwww.w3.org%2F2000%2Fsvg%22%20width%3D%22250%22%20height%3D%22187%22%20viewBox%3D%220%200%20250%20187%22%3E%3C%2Fsvg%3E\" loading=\"eager\" alt=\"\" title=\"\"><\/span><span class=\"fg-image-overlay\"><\/span><\/a><\/figure><div class=\"fg-loader\"><\/div><\/div><div class=\"fg-item fg-type-image fg-idle\"><figure class=\"fg-item-inner\"><a href=\"https:\/\/www.celikcatimontaji.com\/wp-content\/uploads\/2025\/04\/Ferforje-27.jpg\" data-attachment-id=\"7088\" data-e-disable-page-transition=\"true\" data-type=\"image\" class=\"fg-thumb\"><span class=\"fg-image-wrap\"><img fetchpriority=\"high\" decoding=\"async\" width=\"250\" height=\"250\" class=\"skip-lazy fg-image\" data-src-fg=\"https:\/\/www.celikcatimontaji.com\/wp-content\/uploads\/cache\/2025\/04\/Ferforje-27\/77187663.jpg\" src=\"data:image\/svg+xml,%3Csvg%20xmlns%3D%22http%3A%2F%2Fwww.w3.org%2F2000%2Fsvg%22%20width%3D%22250%22%20height%3D%22250%22%20viewBox%3D%220%200%20250%20250%22%3E%3C%2Fsvg%3E\" loading=\"eager\" alt=\"\" title=\"\"><\/span><span class=\"fg-image-overlay\"><\/span><\/a><\/figure><div class=\"fg-loader\"><\/div><\/div><div class=\"fg-item fg-type-image fg-idle\"><figure class=\"fg-item-inner\"><a href=\"https:\/\/www.celikcatimontaji.com\/wp-content\/uploads\/2025\/04\/Ferforje-26.jpg\" data-attachment-id=\"7085\" data-e-disable-page-transition=\"true\" data-type=\"image\" class=\"fg-thumb\"><span class=\"fg-image-wrap\"><img decoding=\"async\" width=\"250\" height=\"188\" class=\"skip-lazy fg-image\" data-src-fg=\"https:\/\/www.celikcatimontaji.com\/wp-content\/uploads\/cache\/2025\/04\/Ferforje-26\/2577021837.jpg\" src=\"data:image\/svg+xml,%3Csvg%20xmlns%3D%22http%3A%2F%2Fwww.w3.org%2F2000%2Fsvg%22%20width%3D%22250%22%20height%3D%22188%22%20viewBox%3D%220%200%20250%20188%22%3E%3C%2Fsvg%3E\" loading=\"eager\" alt=\"\" title=\"\"><\/span><span class=\"fg-image-overlay\"><\/span><\/a><\/figure><div class=\"fg-loader\"><\/div><\/div><div class=\"fg-item fg-type-image fg-idle\"><figure class=\"fg-item-inner\"><a href=\"https:\/\/www.celikcatimontaji.com\/wp-content\/uploads\/2025\/04\/Ferforje-25.jpg\" data-attachment-id=\"7082\" data-e-disable-page-transition=\"true\" data-type=\"image\" class=\"fg-thumb\"><span class=\"fg-image-wrap\"><img decoding=\"async\" width=\"250\" height=\"134\" class=\"skip-lazy fg-image\" data-src-fg=\"https:\/\/www.celikcatimontaji.com\/wp-content\/uploads\/cache\/2025\/04\/Ferforje-25\/1670426864.jpg\" src=\"data:image\/svg+xml,%3Csvg%20xmlns%3D%22http%3A%2F%2Fwww.w3.org%2F2000%2Fsvg%22%20width%3D%22250%22%20height%3D%22134%22%20viewBox%3D%220%200%20250%20134%22%3E%3C%2Fsvg%3E\" loading=\"eager\" alt=\"\" title=\"\"><\/span><span class=\"fg-image-overlay\"><\/span><\/a><\/figure><div class=\"fg-loader\"><\/div><\/div><div class=\"fg-item fg-type-image fg-idle\"><figure class=\"fg-item-inner\"><a href=\"https:\/\/www.celikcatimontaji.com\/wp-content\/uploads\/2025\/04\/Ferforje-24.jpg\" data-attachment-id=\"7079\" data-e-disable-page-transition=\"true\" data-type=\"image\" class=\"fg-thumb\"><span class=\"fg-image-wrap\"><img decoding=\"async\" width=\"250\" height=\"250\" class=\"skip-lazy fg-image\" data-src-fg=\"https:\/\/www.celikcatimontaji.com\/wp-content\/uploads\/cache\/2025\/04\/Ferforje-24\/4143406210.jpg\" src=\"data:image\/svg+xml,%3Csvg%20xmlns%3D%22http%3A%2F%2Fwww.w3.org%2F2000%2Fsvg%22%20width%3D%22250%22%20height%3D%22250%22%20viewBox%3D%220%200%20250%20250%22%3E%3C%2Fsvg%3E\" loading=\"eager\" alt=\"\" title=\"\"><\/span><span class=\"fg-image-overlay\"><\/span><\/a><\/figure><div class=\"fg-loader\"><\/div><\/div><div class=\"fg-item fg-type-image fg-idle\"><figure class=\"fg-item-inner\"><a href=\"https:\/\/www.celikcatimontaji.com\/wp-content\/uploads\/2025\/04\/Ferforje-23.jpg\" data-attachment-id=\"7076\" data-e-disable-page-transition=\"true\" data-type=\"image\" class=\"fg-thumb\"><span class=\"fg-image-wrap\"><img decoding=\"async\" width=\"250\" height=\"333\" class=\"skip-lazy fg-image\" data-src-fg=\"https:\/\/www.celikcatimontaji.com\/wp-content\/uploads\/cache\/2025\/04\/Ferforje-23\/3414693560.jpg\" src=\"data:image\/svg+xml,%3Csvg%20xmlns%3D%22http%3A%2F%2Fwww.w3.org%2F2000%2Fsvg%22%20width%3D%22250%22%20height%3D%22333%22%20viewBox%3D%220%200%20250%20333%22%3E%3C%2Fsvg%3E\" loading=\"eager\" alt=\"\" title=\"\"><\/span><span class=\"fg-image-overlay\"><\/span><\/a><\/figure><div class=\"fg-loader\"><\/div><\/div><div class=\"fg-item fg-type-image fg-idle\"><figure class=\"fg-item-inner\"><a href=\"https:\/\/www.celikcatimontaji.com\/wp-content\/uploads\/2025\/04\/Ferforje-17.jpg\" data-attachment-id=\"7070\" data-e-disable-page-transition=\"true\" data-type=\"image\" class=\"fg-thumb\"><span class=\"fg-image-wrap\"><img decoding=\"async\" width=\"250\" height=\"280\" class=\"skip-lazy fg-image\" data-src-fg=\"https:\/\/www.celikcatimontaji.com\/wp-content\/uploads\/cache\/2025\/04\/Ferforje-17\/3699110406.jpg\" src=\"data:image\/svg+xml,%3Csvg%20xmlns%3D%22http%3A%2F%2Fwww.w3.org%2F2000%2Fsvg%22%20width%3D%22250%22%20height%3D%22280%22%20viewBox%3D%220%200%20250%20280%22%3E%3C%2Fsvg%3E\" loading=\"eager\" alt=\"\" title=\"\"><\/span><span class=\"fg-image-overlay\"><\/span><\/a><\/figure><div class=\"fg-loader\"><\/div><\/div><div class=\"fg-item fg-type-image fg-idle\"><figure class=\"fg-item-inner\"><a href=\"https:\/\/www.celikcatimontaji.com\/wp-content\/uploads\/2025\/04\/Ferforje-16.jpg\" data-attachment-id=\"7067\" data-e-disable-page-transition=\"true\" data-type=\"image\" class=\"fg-thumb\"><span class=\"fg-image-wrap\"><img decoding=\"async\" width=\"250\" height=\"250\" class=\"skip-lazy fg-image\" data-src-fg=\"https:\/\/www.celikcatimontaji.com\/wp-content\/uploads\/cache\/2025\/04\/Ferforje-16\/3917660841.jpg\" src=\"data:image\/svg+xml,%3Csvg%20xmlns%3D%22http%3A%2F%2Fwww.w3.org%2F2000%2Fsvg%22%20width%3D%22250%22%20height%3D%22250%22%20viewBox%3D%220%200%20250%20250%22%3E%3C%2Fsvg%3E\" loading=\"eager\" alt=\"\" title=\"\"><\/span><span class=\"fg-image-overlay\"><\/span><\/a><\/figure><div class=\"fg-loader\"><\/div><\/div><div class=\"fg-item fg-type-image fg-idle\"><figure class=\"fg-item-inner\"><a href=\"https:\/\/www.celikcatimontaji.com\/wp-content\/uploads\/2025\/04\/Ferforje-15.jpg\" data-attachment-id=\"7064\" data-e-disable-page-transition=\"true\" data-type=\"image\" class=\"fg-thumb\"><span class=\"fg-image-wrap\"><img decoding=\"async\" width=\"250\" height=\"289\" class=\"skip-lazy fg-image\" data-src-fg=\"https:\/\/www.celikcatimontaji.com\/wp-content\/uploads\/cache\/2025\/04\/Ferforje-15\/3752799530.jpg\" src=\"data:image\/svg+xml,%3Csvg%20xmlns%3D%22http%3A%2F%2Fwww.w3.org%2F2000%2Fsvg%22%20width%3D%22250%22%20height%3D%22289%22%20viewBox%3D%220%200%20250%20289%22%3E%3C%2Fsvg%3E\" loading=\"eager\" alt=\"\" title=\"\"><\/span><span class=\"fg-image-overlay\"><\/span><\/a><\/figure><div class=\"fg-loader\"><\/div><\/div><div class=\"fg-item fg-type-image fg-idle\"><figure class=\"fg-item-inner\"><a href=\"https:\/\/www.celikcatimontaji.com\/wp-content\/uploads\/2025\/04\/Ferforje-4.jpg\" data-attachment-id=\"7034\" data-e-disable-page-transition=\"true\" data-type=\"image\" class=\"fg-thumb\"><span class=\"fg-image-wrap\"><img decoding=\"async\" width=\"250\" height=\"375\" class=\"skip-lazy fg-image\" data-src-fg=\"https:\/\/www.celikcatimontaji.com\/wp-content\/uploads\/cache\/2025\/04\/Ferforje-4\/3728687781.jpg\" src=\"data:image\/svg+xml,%3Csvg%20xmlns%3D%22http%3A%2F%2Fwww.w3.org%2F2000%2Fsvg%22%20width%3D%22250%22%20height%3D%22375%22%20viewBox%3D%220%200%20250%20375%22%3E%3C%2Fsvg%3E\" loading=\"eager\" alt=\"\" title=\"\"><\/span><span class=\"fg-image-overlay\"><\/span><\/a><\/figure><div class=\"fg-loader\"><\/div><\/div><div class=\"fg-item fg-type-image fg-idle\"><figure class=\"fg-item-inner\"><a href=\"https:\/\/www.celikcatimontaji.com\/wp-content\/uploads\/2025\/04\/Ferforje-5.jpg\" data-attachment-id=\"7037\" data-e-disable-page-transition=\"true\" data-type=\"image\" class=\"fg-thumb\"><span class=\"fg-image-wrap\"><img decoding=\"async\" width=\"250\" height=\"375\" class=\"skip-lazy fg-image\" data-src-fg=\"https:\/\/www.celikcatimontaji.com\/wp-content\/uploads\/cache\/2025\/04\/Ferforje-5\/232271116.jpg\" src=\"data:image\/svg+xml,%3Csvg%20xmlns%3D%22http%3A%2F%2Fwww.w3.org%2F2000%2Fsvg%22%20width%3D%22250%22%20height%3D%22375%22%20viewBox%3D%220%200%20250%20375%22%3E%3C%2Fsvg%3E\" loading=\"eager\" alt=\"\" title=\"\"><\/span><span class=\"fg-image-overlay\"><\/span><\/a><\/figure><div class=\"fg-loader\"><\/div><\/div><div class=\"fg-item fg-type-image fg-idle\"><figure class=\"fg-item-inner\"><a href=\"https:\/\/www.celikcatimontaji.com\/wp-content\/uploads\/2025\/04\/Ferforje-8.jpg\" data-attachment-id=\"7043\" data-e-disable-page-transition=\"true\" data-type=\"image\" class=\"fg-thumb\"><span class=\"fg-image-wrap\"><img decoding=\"async\" width=\"250\" height=\"333\" class=\"skip-lazy fg-image\" data-src-fg=\"https:\/\/www.celikcatimontaji.com\/wp-content\/uploads\/cache\/2025\/04\/Ferforje-8\/3377192951.jpg\" src=\"data:image\/svg+xml,%3Csvg%20xmlns%3D%22http%3A%2F%2Fwww.w3.org%2F2000%2Fsvg%22%20width%3D%22250%22%20height%3D%22333%22%20viewBox%3D%220%200%20250%20333%22%3E%3C%2Fsvg%3E\" loading=\"eager\" alt=\"\" title=\"\"><\/span><span class=\"fg-image-overlay\"><\/span><\/a><\/figure><div class=\"fg-loader\"><\/div><\/div><div class=\"fg-item fg-type-image fg-idle\"><figure class=\"fg-item-inner\"><a href=\"https:\/\/www.celikcatimontaji.com\/wp-content\/uploads\/2025\/04\/Ferforje-9.jpg\" data-attachment-id=\"7046\" data-e-disable-page-transition=\"true\" data-type=\"image\" class=\"fg-thumb\"><span class=\"fg-image-wrap\"><img decoding=\"async\" width=\"250\" height=\"250\" class=\"skip-lazy fg-image\" data-src-fg=\"https:\/\/www.celikcatimontaji.com\/wp-content\/uploads\/cache\/2025\/04\/Ferforje-9\/607546928.jpg\" src=\"data:image\/svg+xml,%3Csvg%20xmlns%3D%22http%3A%2F%2Fwww.w3.org%2F2000%2Fsvg%22%20width%3D%22250%22%20height%3D%22250%22%20viewBox%3D%220%200%20250%20250%22%3E%3C%2Fsvg%3E\" loading=\"eager\" alt=\"\" title=\"\"><\/span><span class=\"fg-image-overlay\"><\/span><\/a><\/figure><div class=\"fg-loader\"><\/div><\/div><div class=\"fg-item fg-type-image fg-idle\"><figure class=\"fg-item-inner\"><a href=\"https:\/\/www.celikcatimontaji.com\/wp-content\/uploads\/2025\/04\/Ferforje-11.jpg\" data-caption-title=\"Hizmet B\u00f6lgelerimiz\" data-caption-desc=\"Hizmet B\u00f6lgelerimiz\" data-attachment-id=\"7052\" data-e-disable-page-transition=\"true\" data-type=\"image\" class=\"fg-thumb\"><span class=\"fg-image-wrap\"><img decoding=\"async\" title=\"Hizmet B\u00f6lgelerimiz\" width=\"250\" height=\"188\" class=\"skip-lazy fg-image\" data-src-fg=\"https:\/\/www.celikcatimontaji.com\/wp-content\/uploads\/cache\/2025\/04\/Ferforje-11\/3168483041.jpg\" src=\"data:image\/svg+xml,%3Csvg%20xmlns%3D%22http%3A%2F%2Fwww.w3.org%2F2000%2Fsvg%22%20width%3D%22250%22%20height%3D%22188%22%20viewBox%3D%220%200%20250%20188%22%3E%3C%2Fsvg%3E\" loading=\"eager\" alt=\"\"><\/span><span class=\"fg-image-overlay\"><\/span><\/a><figcaption class=\"fg-caption\"><div class=\"fg-caption-inner\"><div class=\"fg-caption-title\">Hizmet B\u00f6lgelerimiz<\/div><div class=\"fg-caption-desc\">Hizmet B\u00f6lgelerimiz<\/div><\/div><\/figcaption><\/figure><div class=\"fg-loader\"><\/div><\/div><div class=\"fg-item fg-type-image fg-idle\"><figure class=\"fg-item-inner\"><a href=\"https:\/\/www.celikcatimontaji.com\/wp-content\/uploads\/2025\/04\/Ferforje-12.jpg\" data-attachment-id=\"7055\" data-e-disable-page-transition=\"true\" data-type=\"image\" class=\"fg-thumb\"><span class=\"fg-image-wrap\"><img decoding=\"async\" width=\"250\" height=\"250\" class=\"skip-lazy fg-image\" data-src-fg=\"https:\/\/www.celikcatimontaji.com\/wp-content\/uploads\/cache\/2025\/04\/Ferforje-12\/1188150684.jpg\" src=\"data:image\/svg+xml,%3Csvg%20xmlns%3D%22http%3A%2F%2Fwww.w3.org%2F2000%2Fsvg%22%20width%3D%22250%22%20height%3D%22250%22%20viewBox%3D%220%200%20250%20250%22%3E%3C%2Fsvg%3E\" loading=\"eager\" alt=\"\" title=\"\"><\/span><span class=\"fg-image-overlay\"><\/span><\/a><\/figure><div class=\"fg-loader\"><\/div><\/div><div class=\"fg-item fg-type-image fg-idle\"><figure class=\"fg-item-inner\"><a href=\"https:\/\/www.celikcatimontaji.com\/wp-content\/uploads\/2025\/04\/Ferforje-13.jpg\" data-attachment-id=\"7058\" data-e-disable-page-transition=\"true\" data-type=\"image\" class=\"fg-thumb\"><span class=\"fg-image-wrap\"><img decoding=\"async\" width=\"250\" height=\"250\" class=\"skip-lazy fg-image\" data-src-fg=\"https:\/\/www.celikcatimontaji.com\/wp-content\/uploads\/cache\/2025\/04\/Ferforje-13\/3687992414.jpg\" src=\"data:image\/svg+xml,%3Csvg%20xmlns%3D%22http%3A%2F%2Fwww.w3.org%2F2000%2Fsvg%22%20width%3D%22250%22%20height%3D%22250%22%20viewBox%3D%220%200%20250%20250%22%3E%3C%2Fsvg%3E\" loading=\"eager\" alt=\"\" title=\"\"><\/span><span class=\"fg-image-overlay\"><\/span><\/a><\/figure><div class=\"fg-loader\"><\/div><\/div><div class=\"fg-item fg-type-image fg-idle\"><figure class=\"fg-item-inner\"><a href=\"https:\/\/www.celikcatimontaji.com\/wp-content\/uploads\/2025\/04\/Ferforje-3.webp\" data-attachment-id=\"7031\" data-e-disable-page-transition=\"true\" data-type=\"image\" class=\"fg-thumb\"><span class=\"fg-image-wrap\"><img decoding=\"async\" width=\"250\" height=\"167\" class=\"skip-lazy fg-image\" data-src-fg=\"https:\/\/www.celikcatimontaji.com\/wp-content\/uploads\/cache\/2025\/04\/Ferforje-3\/2247419797.webp\" src=\"data:image\/svg+xml,%3Csvg%20xmlns%3D%22http%3A%2F%2Fwww.w3.org%2F2000%2Fsvg%22%20width%3D%22250%22%20height%3D%22167%22%20viewBox%3D%220%200%20250%20167%22%3E%3C%2Fsvg%3E\" loading=\"eager\" alt=\"\" title=\"\"><\/span><span class=\"fg-image-overlay\"><\/span><\/a><\/figure><div class=\"fg-loader\"><\/div><\/div><div class=\"fg-item fg-type-image fg-idle\"><figure class=\"fg-item-inner\"><a href=\"https:\/\/www.celikcatimontaji.com\/wp-content\/uploads\/2025\/04\/Ferforje-14-1.jpg\" data-attachment-id=\"7061\" data-e-disable-page-transition=\"true\" data-type=\"image\" class=\"fg-thumb\"><span class=\"fg-image-wrap\"><img decoding=\"async\" width=\"250\" height=\"375\" class=\"skip-lazy fg-image\" data-src-fg=\"https:\/\/www.celikcatimontaji.com\/wp-content\/uploads\/cache\/2025\/04\/Ferforje-14-1\/3705192760.jpg\" src=\"data:image\/svg+xml,%3Csvg%20xmlns%3D%22http%3A%2F%2Fwww.w3.org%2F2000%2Fsvg%22%20width%3D%22250%22%20height%3D%22375%22%20viewBox%3D%220%200%20250%20375%22%3E%3C%2Fsvg%3E\" loading=\"eager\" alt=\"\" title=\"\"><\/span><span class=\"fg-image-overlay\"><\/span><\/a><\/figure><div class=\"fg-loader\"><\/div><\/div><div class=\"fg-item fg-type-image fg-idle\"><figure class=\"fg-item-inner\"><a href=\"https:\/\/www.celikcatimontaji.com\/wp-content\/uploads\/2025\/04\/Ferforje-3.jpg\" data-attachment-id=\"7028\" data-e-disable-page-transition=\"true\" data-type=\"image\" class=\"fg-thumb\"><span class=\"fg-image-wrap\"><img decoding=\"async\" width=\"250\" height=\"438\" class=\"skip-lazy fg-image\" data-src-fg=\"https:\/\/www.celikcatimontaji.com\/wp-content\/uploads\/cache\/2025\/04\/Ferforje-3\/2004790655.jpg\" src=\"data:image\/svg+xml,%3Csvg%20xmlns%3D%22http%3A%2F%2Fwww.w3.org%2F2000%2Fsvg%22%20width%3D%22250%22%20height%3D%22438%22%20viewBox%3D%220%200%20250%20438%22%3E%3C%2Fsvg%3E\" loading=\"eager\" alt=\"\" title=\"\"><\/span><span class=\"fg-image-overlay\"><\/span><\/a><\/figure><div class=\"fg-loader\"><\/div><\/div><div class=\"fg-item fg-type-image fg-idle\"><figure class=\"fg-item-inner\"><a href=\"https:\/\/www.celikcatimontaji.com\/wp-content\/uploads\/2025\/04\/Ferforje-2.webp\" data-attachment-id=\"7025\" data-e-disable-page-transition=\"true\" data-type=\"image\" class=\"fg-thumb\"><span class=\"fg-image-wrap\"><img decoding=\"async\" width=\"250\" height=\"188\" class=\"skip-lazy fg-image\" data-src-fg=\"https:\/\/www.celikcatimontaji.com\/wp-content\/uploads\/cache\/2025\/04\/Ferforje-2\/3548261255.webp\" src=\"data:image\/svg+xml,%3Csvg%20xmlns%3D%22http%3A%2F%2Fwww.w3.org%2F2000%2Fsvg%22%20width%3D%22250%22%20height%3D%22188%22%20viewBox%3D%220%200%20250%20188%22%3E%3C%2Fsvg%3E\" loading=\"eager\" alt=\"\" title=\"\"><\/span><span class=\"fg-image-overlay\"><\/span><\/a><\/figure><div class=\"fg-loader\"><\/div><\/div><div class=\"fg-item fg-type-image fg-idle\"><figure class=\"fg-item-inner\"><a href=\"https:\/\/www.celikcatimontaji.com\/wp-content\/uploads\/2025\/04\/Ferforje-2.jpg\" data-attachment-id=\"7022\" data-e-disable-page-transition=\"true\" data-type=\"image\" class=\"fg-thumb\"><span class=\"fg-image-wrap\"><img decoding=\"async\" width=\"250\" height=\"250\" class=\"skip-lazy fg-image\" data-src-fg=\"https:\/\/www.celikcatimontaji.com\/wp-content\/uploads\/cache\/2025\/04\/Ferforje-2\/4168863571.jpg\" src=\"data:image\/svg+xml,%3Csvg%20xmlns%3D%22http%3A%2F%2Fwww.w3.org%2F2000%2Fsvg%22%20width%3D%22250%22%20height%3D%22250%22%20viewBox%3D%220%200%20250%20250%22%3E%3C%2Fsvg%3E\" loading=\"eager\" alt=\"\" title=\"\"><\/span><span class=\"fg-image-overlay\"><\/span><\/a><\/figure><div class=\"fg-loader\"><\/div><\/div><div class=\"fg-item fg-type-image fg-idle\"><figure class=\"fg-item-inner\"><a href=\"https:\/\/www.celikcatimontaji.com\/wp-content\/uploads\/2025\/04\/Ferforje-1.webp\" data-attachment-id=\"7019\" data-e-disable-page-transition=\"true\" data-type=\"image\" class=\"fg-thumb\"><span class=\"fg-image-wrap\"><img decoding=\"async\" width=\"250\" height=\"333\" class=\"skip-lazy fg-image\" data-src-fg=\"https:\/\/www.celikcatimontaji.com\/wp-content\/uploads\/cache\/2025\/04\/Ferforje-1\/685866929.webp\" src=\"data:image\/svg+xml,%3Csvg%20xmlns%3D%22http%3A%2F%2Fwww.w3.org%2F2000%2Fsvg%22%20width%3D%22250%22%20height%3D%22333%22%20viewBox%3D%220%200%20250%20333%22%3E%3C%2Fsvg%3E\" loading=\"eager\" alt=\"\" title=\"\"><\/span><span class=\"fg-image-overlay\"><\/span><\/a><\/figure><div class=\"fg-loader\"><\/div><\/div><div class=\"fg-item fg-type-image fg-idle\"><figure class=\"fg-item-inner\"><a href=\"https:\/\/www.celikcatimontaji.com\/wp-content\/uploads\/2025\/04\/Ferforje-1.jpg\" data-attachment-id=\"7013\" data-e-disable-page-transition=\"true\" data-type=\"image\" class=\"fg-thumb\"><span class=\"fg-image-wrap\"><img decoding=\"async\" width=\"250\" height=\"379\" class=\"skip-lazy fg-image\" data-src-fg=\"https:\/\/www.celikcatimontaji.com\/wp-content\/uploads\/cache\/2025\/04\/Ferforje-1\/3297966653.jpg\" src=\"data:image\/svg+xml,%3Csvg%20xmlns%3D%22http%3A%2F%2Fwww.w3.org%2F2000%2Fsvg%22%20width%3D%22250%22%20height%3D%22379%22%20viewBox%3D%220%200%20250%20379%22%3E%3C%2Fsvg%3E\" loading=\"eager\" alt=\"\" title=\"\"><\/span><span class=\"fg-image-overlay\"><\/span><\/a><\/figure><div class=\"fg-loader\"><\/div><\/div><div class=\"fg-item fg-type-image fg-idle\"><figure class=\"fg-item-inner\"><a href=\"https:\/\/www.celikcatimontaji.com\/wp-content\/uploads\/2024\/03\/c44253d3f03bbf1ae2e04a0074040e21.jpg\" data-caption-title=\"\u00c7elik \u00c7at\u0131 \u00c7erkezk\u00f6y\" data-caption-desc=\"\u00c7elik \u00c7at\u0131 \u00c7erkezk\u00f6y\" data-attachment-id=\"7010\" data-e-disable-page-transition=\"true\" data-type=\"image\" class=\"fg-thumb\"><span class=\"fg-image-wrap\"><img decoding=\"async\" title=\"\u00c7elik \u00c7at\u0131 \u00c7erkezk\u00f6y\" width=\"250\" height=\"179\" class=\"skip-lazy fg-image\" data-src-fg=\"https:\/\/www.celikcatimontaji.com\/wp-content\/uploads\/cache\/2024\/03\/c44253d3f03bbf1ae2e04a0074040e21\/1208108260.jpg\" src=\"data:image\/svg+xml,%3Csvg%20xmlns%3D%22http%3A%2F%2Fwww.w3.org%2F2000%2Fsvg%22%20width%3D%22250%22%20height%3D%22179%22%20viewBox%3D%220%200%20250%20179%22%3E%3C%2Fsvg%3E\" loading=\"eager\" alt=\"\"><\/span><span class=\"fg-image-overlay\"><\/span><\/a><figcaption class=\"fg-caption\"><div class=\"fg-caption-inner\"><div class=\"fg-caption-title\">\u00c7elik \u00c7at\u0131 \u00c7erkezk\u00f6y<\/div><div class=\"fg-caption-desc\">\u00c7elik \u00c7at\u0131 \u00c7erkezk\u00f6y<\/div><\/div><\/figcaption><\/figure><div class=\"fg-loader\"><\/div><\/div><\/div>\n<p>\u00a0<\/p>\n\n\n<audio id=\"slideAudio\" autoplay loop>\n  <source src=\"https:\/\/www.celikcatimontaji.com\/wp-content\/uploads\/2025\/04\/Intro.mp3\" type=\"audio\/mpeg\">\n<\/audio>\n\n<script>\n  document.addEventListener('DOMContentLoaded', function() {\n    var audio = document.getElementById('slideAudio');\n    \/\/ Slayt ba\u015flad\u0131\u011f\u0131nda m\u00fczi\u011fi \u00e7al (FooGallery'nin olay\u0131n\u0131 dinle)\n    jQuery('.foogallery-container').on('foogallery-slide-change', function() {\n      audio.play().catch(e => console.log(\"Otomatik \u00e7alma engellendi. Kullan\u0131c\u0131 etkile\u015fimi gerekiyor.\"));\n    });\n    \/\/ Kullan\u0131c\u0131 sayfaya t\u0131klad\u0131\u011f\u0131nda m\u00fczi\u011fi ba\u015flat (Chrome politikas\u0131 i\u00e7in)\n    document.body.addEventListener('click', function() {\n      audio.play();\n    });\n  });\n<\/script>\n","protected":false},"excerpt":{"rendered":"<p>\u00a0<\/p>\n","protected":false},"author":1,"featured_media":0,"parent":0,"menu_order":0,"comment_status":"closed","ping_status":"closed","template":"","meta":{"footnotes":""},"class_list":["post-7369","page","type-page","status-publish","hentry"],"_links":{"self":[{"href":"https:\/\/www.celikcatimontaji.com\/en-gb\/wp-json\/wp\/v2\/pages\/7369","targetHints":{"allow":["GET"]}}],"collection":[{"href":"https:\/\/www.celikcatimontaji.com\/en-gb\/wp-json\/wp\/v2\/pages"}],"about":[{"href":"https:\/\/www.celikcatimontaji.com\/en-gb\/wp-json\/wp\/v2\/types\/page"}],"author":[{"embeddable":true,"href":"https:\/\/www.celikcatimontaji.com\/en-gb\/wp-json\/wp\/v2\/users\/1"}],"replies":[{"embeddable":true,"href":"https:\/\/www.celikcatimontaji.com\/en-gb\/wp-json\/wp\/v2\/comments?post=7369"}],"version-history":[{"count":0,"href":"https:\/\/www.celikcatimontaji.com\/en-gb\/wp-json\/wp\/v2\/pages\/7369\/revisions"}],"wp:attachment":[{"href":"https:\/\/www.celikcatimontaji.com\/en-gb\/wp-json\/wp\/v2\/media?parent=7369"}],"curies":[{"name":"wp","href":"https:\/\/api.w.org\/{rel}","templated":true}]}}