{"id":7378,"date":"2024-02-28T14:56:09","date_gmt":"2024-02-28T14:56:09","guid":{"rendered":"https:\/\/www.celikcatimontaji.com\/project\/"},"modified":"2024-02-28T14:56:09","modified_gmt":"2024-02-28T14:56:09","slug":"project","status":"publish","type":"page","link":"https:\/\/www.celikcatimontaji.com\/en-gb\/project\/","title":{"rendered":"Projelerimiz"},"content":{"rendered":"\t\t<div data-elementor-type=\"wp-page\" data-elementor-id=\"7378\" class=\"elementor elementor-7378 elementor-4332\">\n\t\t\t\t\t\t<section class=\"elementor-section elementor-top-section elementor-element elementor-element-a38e70a elementor-section-boxed elementor-section-height-default elementor-section-height-default\" data-id=\"a38e70a\" data-element_type=\"section\">\n\t\t\t\t\t\t<div class=\"elementor-container elementor-column-gap-default\">\n\t\t\t\t\t<div class=\"elementor-column elementor-col-100 elementor-top-column elementor-element elementor-element-017780d\" data-id=\"017780d\" data-element_type=\"column\">\n\t\t\t<div class=\"elementor-widget-wrap elementor-element-populated\">\n\t\t\t\t\t\t<div class=\"elementor-element elementor-element-a64f137 overflow-hidden elementor-widget elementor-widget-slaze-portfolio\" data-id=\"a64f137\" data-element_type=\"widget\" data-widget_type=\"slaze-portfolio.default\">\n\t\t\t\t<div class=\"elementor-widget-container\">\n\t\t\t\t\t            <div class=\"tOri_portfolio show_three md_show_two sm_show_one\">\r\n                            <div class=\"tOri_portfolio-item normal\">\r\n                    <img decoding=\"async\" src=\"https:\/\/www.celikcatimontaji.com\/wp-content\/uploads\/2025\/04\/portfolio-6.webp\" alt=\"\u00c7elik konstr\u00fcksiyon depo montaj\u0131 \u2013 \u00c7atalca\" title=\"\">\r\n                    <div class=\"tOri_portfolio-item-content content_full\">\r\n                        <div class=\"tOri_portfolio-item-content-area\">\r\n                                                            <a href=\"https:\/\/www.celikcatimontaji.com\/en-gb\/portfolio\/celik-depo-catalca\/\">\r\n                                    <div class=\"tOri_portfolio-item-icon\">\r\n                                        <i aria-hidden=\"true\" class=\"flaticon flaticon-right-up\"><\/i>                                                    \r\n                                    <\/div>\r\n                                <\/a>\r\n                                                                                        <div class=\"title\">\r\n                                    <h6><a href=\"https:\/\/www.celikcatimontaji.com\/en-gb\/portfolio\/celik-depo-catalca\/\">\u00c7elik Depo \u2013 \u00c7atalca<\/a><\/h6>\r\n                                    <span>\r\n                                        \u00c7at\u0131 Sistemleri                                    <\/span>\r\n                                <\/div>\r\n                                                    <\/div>\r\n                    <\/div>\r\n                <\/div>\r\n                            <div class=\"tOri_portfolio-item normal\">\r\n                    <img decoding=\"async\" src=\"https:\/\/www.celikcatimontaji.com\/wp-content\/uploads\/2024\/03\/Parse-Life-2.webp\" alt=\"Tonoz \u00c7at\u0131 \u00c7atalca\" title=\"\">\r\n                    <div class=\"tOri_portfolio-item-content content_full\">\r\n                        <div class=\"tOri_portfolio-item-content-area\">\r\n                                                            <a href=\"https:\/\/www.celikcatimontaji.com\/en-gb\/portfolio\/tonoz-cati-hadimkoy\/\">\r\n                                    <div class=\"tOri_portfolio-item-icon\">\r\n                                        <i aria-hidden=\"true\" class=\"flaticon flaticon-right-up\"><\/i>                                                    \r\n                                    <\/div>\r\n                                <\/a>\r\n                                                                                        <div class=\"title\">\r\n                                    <h6><a href=\"https:\/\/www.celikcatimontaji.com\/en-gb\/portfolio\/tonoz-cati-hadimkoy\/\">Tonoz \u00c7at\u0131 Had\u0131mk\u00f6y<\/a><\/h6>\r\n                                    <span>\r\n                                        \u00c7elik Konstr\u00fcksiyon Uygulamalar\u0131                                    <\/span>\r\n                                <\/div>\r\n                                                    <\/div>\r\n                    <\/div>\r\n                <\/div>\r\n                            <div class=\"tOri_portfolio-item normal\">\r\n                    <img decoding=\"async\" src=\"https:\/\/www.celikcatimontaji.com\/wp-content\/uploads\/2024\/03\/portfolio-4.jpg\" alt=\"\" title=\"\">\r\n                    <div class=\"tOri_portfolio-item-content content_full\">\r\n                        <div class=\"tOri_portfolio-item-content-area\">\r\n                                                            <a href=\"https:\/\/www.celikcatimontaji.com\/en-gb\/portfolio\/sandvic-panel-kaplama-silivri\/\">\r\n                                    <div class=\"tOri_portfolio-item-icon\">\r\n                                        <i aria-hidden=\"true\" class=\"flaticon flaticon-right-up\"><\/i>                                                    \r\n                                    <\/div>\r\n                                <\/a>\r\n                                                                                        <div class=\"title\">\r\n                                    <h6><a href=\"https:\/\/www.celikcatimontaji.com\/en-gb\/portfolio\/sandvic-panel-kaplama-silivri\/\">Sandvi\u00e7 Panel Kaplama \u2013 Silivri<\/a><\/h6>\r\n                                    <span>\r\n                                        Panel \u00c7at\u0131 Uygulamalar\u0131                                    <\/span>\r\n                                <\/div>\r\n                                                    <\/div>\r\n                    <\/div>\r\n                <\/div>\r\n                            <div class=\"tOri_portfolio-item normal\">\r\n                    <img decoding=\"async\" src=\"https:\/\/www.celikcatimontaji.com\/wp-content\/uploads\/2024\/03\/yangin-merdiveni-Corlu.webp\" alt=\"Yang\u0131n Merdiveni \u0130malat\u0131\" title=\"\">\r\n                    <div class=\"tOri_portfolio-item-content content_full\">\r\n                        <div class=\"tOri_portfolio-item-content-area\">\r\n                                                            <a href=\"https:\/\/www.celikcatimontaji.com\/en-gb\/portfolio\/yangin-merdiveni-imalati\/\">\r\n                                    <div class=\"tOri_portfolio-item-icon\">\r\n                                        <i aria-hidden=\"true\" class=\"flaticon flaticon-right-up\"><\/i>                                                    \r\n                                    <\/div>\r\n                                <\/a>\r\n                                                                                        <div class=\"title\">\r\n                                    <h6><a href=\"https:\/\/www.celikcatimontaji.com\/en-gb\/portfolio\/yangin-merdiveni-imalati\/\">Yang\u0131n Merdiveni \u0130malat\u0131<\/a><\/h6>\r\n                                    <span>\r\n                                        D\u0131\u015f Cepheye Montajl\u0131 Merdivenler                                    <\/span>\r\n                                <\/div>\r\n                                                    <\/div>\r\n                    <\/div>\r\n                <\/div>\r\n                            <div class=\"tOri_portfolio-item normal\">\r\n                    <img decoding=\"async\" src=\"https:\/\/www.celikcatimontaji.com\/wp-content\/uploads\/2024\/03\/portfolio-2.jpg\" alt=\"\" title=\"\">\r\n                    <div class=\"tOri_portfolio-item-content content_full\">\r\n                        <div class=\"tOri_portfolio-item-content-area\">\r\n                                                            <a href=\"https:\/\/www.celikcatimontaji.com\/en-gb\/portfolio\/ferforje-korkuluk-ve-kapi-corlu\/\">\r\n                                    <div class=\"tOri_portfolio-item-icon\">\r\n                                        <i aria-hidden=\"true\" class=\"flaticon flaticon-right-up\"><\/i>                                                    \r\n                                    <\/div>\r\n                                <\/a>\r\n                                                                                        <div class=\"title\">\r\n                                    <h6><a href=\"https:\/\/www.celikcatimontaji.com\/en-gb\/portfolio\/ferforje-korkuluk-ve-kapi-corlu\/\">Ferforje Korkuluk ve Kap\u0131 \u2013 \u00c7orlu<\/a><\/h6>\r\n                                    <span>\r\n                                        Ferforje ve Giri\u015f Kap\u0131s\u0131 Projeleri                                    <\/span>\r\n                                <\/div>\r\n                                                    <\/div>\r\n                    <\/div>\r\n                <\/div>\r\n                            <div class=\"tOri_portfolio-item normal\">\r\n                    <img decoding=\"async\" src=\"https:\/\/www.celikcatimontaji.com\/wp-content\/uploads\/2024\/03\/portfolio-1.jpg\" alt=\"\" title=\"\">\r\n                    <div class=\"tOri_portfolio-item-content content_full\">\r\n                        <div class=\"tOri_portfolio-item-content-area\">\r\n                                                            <a href=\"https:\/\/www.celikcatimontaji.com\/en-gb\/portfolio\/prefabrik-ofis-kurulumu-arnavutkoy\/\">\r\n                                    <div class=\"tOri_portfolio-item-icon\">\r\n                                        <i aria-hidden=\"true\" class=\"flaticon flaticon-right-up\"><\/i>                                                    \r\n                                    <\/div>\r\n                                <\/a>\r\n                                                                                        <div class=\"title\">\r\n                                    <h6><a href=\"https:\/\/www.celikcatimontaji.com\/en-gb\/portfolio\/prefabrik-ofis-kurulumu-arnavutkoy\/\">Prefabrik Ofis Kurulumu \u2013 Arnavutk\u00f6y<\/a><\/h6>\r\n                                    <span>\r\n                                        Ofis Yap\u0131lar\u0131                                    <\/span>\r\n                                <\/div>\r\n                                                    <\/div>\r\n                    <\/div>\r\n                <\/div>\r\n                    <\/div>\r\n            <script>\r\n            (function ($) {\r\n                \"use strict\";\r\n                $(document).ready(function () {\r\n                    var autoplayOption = \"yes\";\r\n                    var enableAutoplay = (autoplayOption === 'yes');                    \r\n                    var swiper = new Swiper(\".slaze_slider-461\", {\r\n                        loop: true,                        \r\n                        spaceBetween: null,\r\n                        speed: null,\r\n                        autoplay: enableAutoplay ? {\r\n                            delay: null,\r\n                            reverseDirection: false,\r\n                            disableOnInteraction: false,\r\n                        } : false,\r\n                        navigation: {\r\n                            nextEl: '.swiper-button-next-461',\r\n                            prevEl: '.swiper-button-prev-461',\r\n                        },\r\n                        pagination: {\r\n                            el: \".tOri_slide_dots-461\",\r\n                            clickable: true,\r\n                        },\r\n                        breakpoints: {\r\n                            0: {\r\n                                slidesPerView: null,\r\n                            },\r\n                            768: {\r\n                                slidesPerView: null,\r\n                            },\r\n                            1025: {\r\n                                slidesPerView: null,\r\n                            },\r\n                            1600: {\r\n                                slidesPerView: null,\r\n                            },\r\n                        },\r\n                        centeredSlides: null,\r\n                    });\r\n\r\n                });\r\n            })(jQuery);\r\n        <\/script>\r\n        \t\t\t\t<\/div>\n\t\t\t\t<\/div>\n\t\t\t\t\t<\/div>\n\t\t<\/div>\n\t\t\t\t\t<\/div>\n\t\t<\/section>\n\t\t\t\t<\/div>\n\t\t","protected":false},"excerpt":{"rendered":"<p>Solar Storage Solutions Residential Installations Agricultural Facilities Commercial Projects Warehouse Solarization Industrial Solutions Custom Energy Innovative Designs System Health Maintenance Emerging Technologie Research &amp; Development<\/p>\n","protected":false},"author":1,"featured_media":0,"parent":0,"menu_order":0,"comment_status":"closed","ping_status":"closed","template":"page-builder.php","meta":{"footnotes":""},"class_list":["post-7378","page","type-page","status-publish","hentry"],"_links":{"self":[{"href":"https:\/\/www.celikcatimontaji.com\/en-gb\/wp-json\/wp\/v2\/pages\/7378","targetHints":{"allow":["GET"]}}],"collection":[{"href":"https:\/\/www.celikcatimontaji.com\/en-gb\/wp-json\/wp\/v2\/pages"}],"about":[{"href":"https:\/\/www.celikcatimontaji.com\/en-gb\/wp-json\/wp\/v2\/types\/page"}],"author":[{"embeddable":true,"href":"https:\/\/www.celikcatimontaji.com\/en-gb\/wp-json\/wp\/v2\/users\/1"}],"replies":[{"embeddable":true,"href":"https:\/\/www.celikcatimontaji.com\/en-gb\/wp-json\/wp\/v2\/comments?post=7378"}],"version-history":[{"count":0,"href":"https:\/\/www.celikcatimontaji.com\/en-gb\/wp-json\/wp\/v2\/pages\/7378\/revisions"}],"wp:attachment":[{"href":"https:\/\/www.celikcatimontaji.com\/en-gb\/wp-json\/wp\/v2\/media?parent=7378"}],"curies":[{"name":"wp","href":"https:\/\/api.w.org\/{rel}","templated":true}]}}